{"id":9,"date":"2018-05-28T11:34:25","date_gmt":"2018-05-28T11:34:25","guid":{"rendered":"http:\/\/gudrun-sochorik.de\/?page_id=9"},"modified":"2018-12-16T16:24:58","modified_gmt":"2018-12-16T16:24:58","slug":"kreaktiv-porzellan-%c2%a7-ton","status":"publish","type":"page","link":"https:\/\/gudrun-sochorik.de\/","title":{"rendered":"Startseite"},"content":{"rendered":"<p><img loading=\"lazy\" decoding=\"async\" class=\"alignleft size-medium wp-image-79\" src=\"https:\/\/gudrun-sochorik.de\/wp-content\/uploads\/2018\/05\/Bild-f\u00fcr-meine-Webseite-verkleinert-300x200.jpg\" alt=\"\" width=\"300\" height=\"200\" srcset=\"https:\/\/gudrun-sochorik.de\/wp-content\/uploads\/2018\/05\/Bild-f\u00fcr-meine-Webseite-verkleinert-300x200.jpg 300w, https:\/\/gudrun-sochorik.de\/wp-content\/uploads\/2018\/05\/Bild-f\u00fcr-meine-Webseite-verkleinert.jpg 448w\" sizes=\"auto, (max-width: 300px) 100vw, 300px\" \/><\/p>\n<p>Die grenzenlose Freiheit in der Natur, mit ihren Farben, D\u00fcften und vielf\u00e4ltigen Formen, hat sich als Kindheitserinnerung tief in mein Bewusstsein eingegraben.<\/p>\n<p>Stets f\u00fchlte ich eine enge Verbindung zur Natur und ich erlebe noch heute die n\u00fctzlichen, geheimnisvollen, manchmal bedrohlichen vier Elemente, Erde, Wasser, Luft und Feuer sehr bewusst bei meiner kreativen Arbeit mit Porzellan und Ton.<\/p>\n<p>Besonders macht es mir Freude und Spa\u00df, die Geheimnisse der Keramikkunst&nbsp; in meinen Kursen begeistert weiterzugeben. Gern&nbsp;unterst\u00fctze ich alle&nbsp;meine Kursteilnehmer mit meinem Wissen und K\u00f6nnen&nbsp;ihrer Fantasie eine Gestalt zu geben.<\/p>\n<p>Du brauchst also nur eine Hand voll Erde, Ideen, Freude, Ausdauer, gepaart mit dem Wissen um die Ur-Elemente und schon entsteht ein einzigartiges, unverwechselbares mit individuellen Spuren, Formen, und Farben geschaffenes eigenes <strong>\u201c Dein KUNSTWERK\u201c.<\/strong><\/p>\n<p>&nbsp;<\/p>\n<p>&nbsp;<\/p>\n","protected":false},"excerpt":{"rendered":"<p>Die grenzenlose Freiheit in der Natur, mit ihren Farben, D\u00fcften und vielf\u00e4ltigen Formen, hat sich als Kindheitserinnerung tief in mein Bewusstsein eingegraben. Stets f\u00fchlte ich eine enge Verbindung zur Natur und ich erlebe noch heute die n\u00fctzlichen, geheimnisvollen, manchmal bedrohlichen vier Elemente, Erde, Wasser, Luft und Feuer sehr bewusst bei meiner kreativen Arbeit mit Porzellan [&hellip;]<\/p>\n","protected":false},"author":1,"featured_media":0,"parent":0,"menu_order":1,"comment_status":"closed","ping_status":"closed","template":"","meta":{"footnotes":""},"class_list":["post-9","page","type-page","status-publish","hentry"],"wppr_data":{"cwp_meta_box_check":"No"},"_links":{"self":[{"href":"https:\/\/gudrun-sochorik.de\/index.php?rest_route=\/wp\/v2\/pages\/9","targetHints":{"allow":["GET"]}}],"collection":[{"href":"https:\/\/gudrun-sochorik.de\/index.php?rest_route=\/wp\/v2\/pages"}],"about":[{"href":"https:\/\/gudrun-sochorik.de\/index.php?rest_route=\/wp\/v2\/types\/page"}],"author":[{"embeddable":true,"href":"https:\/\/gudrun-sochorik.de\/index.php?rest_route=\/wp\/v2\/users\/1"}],"replies":[{"embeddable":true,"href":"https:\/\/gudrun-sochorik.de\/index.php?rest_route=%2Fwp%2Fv2%2Fcomments&post=9"}],"version-history":[{"count":8,"href":"https:\/\/gudrun-sochorik.de\/index.php?rest_route=\/wp\/v2\/pages\/9\/revisions"}],"predecessor-version":[{"id":574,"href":"https:\/\/gudrun-sochorik.de\/index.php?rest_route=\/wp\/v2\/pages\/9\/revisions\/574"}],"wp:attachment":[{"href":"https:\/\/gudrun-sochorik.de\/index.php?rest_route=%2Fwp%2Fv2%2Fmedia&parent=9"}],"curies":[{"name":"wp","href":"https:\/\/api.w.org\/{rel}","templated":true}]}}