{"id":627,"date":"2019-06-05T11:03:32","date_gmt":"2019-06-05T11:03:32","guid":{"rendered":"http:\/\/gudrun-sochorik.de\/?page_id=627"},"modified":"2019-09-03T18:14:22","modified_gmt":"2019-09-03T18:14:22","slug":"ausstellungen","status":"publish","type":"page","link":"https:\/\/gudrun-sochorik.de\/?page_id=627","title":{"rendered":"Ausstellungen"},"content":{"rendered":"\n<p>2019 <\/p>\n\n\n\n<p>Gemeinschaftsausstellung  03.06.-30.06.<br>im Freitaler Technologie- und Gr\u00fcnderzentrum  &#8222;Keramische Einzelst\u00fccke&#8220; alle  meine Kursteilnehmer stellen Ihre Unikate aus.<\/p>\n\n\n\n<p>2017&nbsp; &nbsp; &nbsp;&nbsp; <\/p>\n\n\n\n<p>Schaufensterausstellung im Freitaler Technologie-\nund&nbsp;Gr\u00fcnderzentrum<\/p>\n\n\n\n<p>2016&nbsp; &nbsp; &nbsp; <\/p>\n\n\n\n<p>&nbsp;Beteiligung an dem Projekt 100 Porzellanbl\u00fcten <\/p>\n\n\n\n<p>&nbsp;mit&nbsp;Ausstellungen&nbsp;in Pirna zum Fest der K\u00fcnste, in der Sparkasse Freital, <\/p>\n\n\n\n<p>&nbsp;zur 1.\nInternationale Porzellanbiennale in Meissen, im&nbsp;Freiberger Dom, <\/p>\n\n\n\n<p>&nbsp;im Wasserschloss&nbsp; Klaffenbach und in der&nbsp;Porzellankirche auf der&nbsp; &nbsp;Leuchtenburg<\/p>\n\n\n\n<p>2014&nbsp; &nbsp;&nbsp;&nbsp;&nbsp;&nbsp;<\/p>\n\n\n\n<p>Gemeinschaftsausstellung im Schloss Klippenstein (Radeberg)<\/p>\n\n\n\n<p>2014&nbsp; &nbsp; &nbsp; &nbsp;<\/p>\n\n\n\n<p>Gemeinschaftsausstellungen der Musik,- Tanz- und Kunstschule Bannewitz mit der Partner Kunstschule&nbsp;in&nbsp;Usti nad. Labem <\/p>\n\n\n\n<p>2013&nbsp;&nbsp;&nbsp;&nbsp;&nbsp;&nbsp;&nbsp;<\/p>\n\n\n\n<p>Workshop mit Olaf Stoy und anschlie\u00dfender<\/p>\n\n\n\n<p>Gemeinschaftsausstellung in der&nbsp;S\u00e4chsischen Porzellan-Manufaktur Dresden<\/p>\n\n\n\n<p>2012&nbsp; &nbsp; &nbsp; &nbsp;<\/p>\n\n\n\n<p>Workshop mit Olaf Stoy und anschlie\u00dfender<\/p>\n\n\n\n<p>Gemeinschaftsausstellung in der&nbsp;S\u00e4chsischen Porzellan-Manufaktur Dresden<\/p>\n\n\n\n<p>2008\/9&nbsp;&nbsp;&nbsp; <\/p>\n\n\n\n<p>Gemeinschaftsausstellungen mit der Partner Kunstschule in<\/p>\n\n\n\n<p>Usti nad. Labem und in der Musik,- Tanz- und&nbsp; Kunstschule&nbsp;Bannewitz<\/p>\n\n\n\n<p>2008&nbsp; &nbsp; &nbsp;&nbsp; <\/p>\n\n\n\n<p>Workshop mit Olaf Stoy und anschlie\u00dfender<\/p>\n\n\n\n<p>Gemeinschaftsausstellung in der&nbsp;S\u00e4chsischen Porzellan-Manufaktur Dresden<\/p>\n\n\n\n<p>2004\/5&nbsp;&nbsp; <\/p>\n\n\n\n<p>Gemeinschaftsausstellungen mit der Partner Kunstschule&nbsp;in&nbsp;Usti nad. Labem und in der Musik,- Tanz- und Kunstschule&nbsp;Bannewitz<\/p>\n","protected":false},"excerpt":{"rendered":"<p>2019 Gemeinschaftsausstellung 03.06.-30.06.im Freitaler Technologie- und Gr\u00fcnderzentrum &#8222;Keramische Einzelst\u00fccke&#8220; alle meine Kursteilnehmer stellen Ihre Unikate aus. 2017&nbsp; &nbsp; &nbsp;&nbsp; Schaufensterausstellung im Freitaler Technologie- und&nbsp;Gr\u00fcnderzentrum 2016&nbsp; &nbsp; &nbsp; &nbsp;Beteiligung an dem Projekt 100 Porzellanbl\u00fcten &nbsp;mit&nbsp;Ausstellungen&nbsp;in Pirna zum Fest der K\u00fcnste, in der Sparkasse Freital, &nbsp;zur 1. Internationale Porzellanbiennale in Meissen, im&nbsp;Freiberger Dom, &nbsp;im Wasserschloss&nbsp; Klaffenbach und [&hellip;]<\/p>\n","protected":false},"author":1,"featured_media":0,"parent":0,"menu_order":0,"comment_status":"closed","ping_status":"closed","template":"","meta":{"footnotes":""},"class_list":["post-627","page","type-page","status-publish","hentry"],"wppr_data":{"cwp_meta_box_check":"No"},"_links":{"self":[{"href":"https:\/\/gudrun-sochorik.de\/index.php?rest_route=\/wp\/v2\/pages\/627","targetHints":{"allow":["GET"]}}],"collection":[{"href":"https:\/\/gudrun-sochorik.de\/index.php?rest_route=\/wp\/v2\/pages"}],"about":[{"href":"https:\/\/gudrun-sochorik.de\/index.php?rest_route=\/wp\/v2\/types\/page"}],"author":[{"embeddable":true,"href":"https:\/\/gudrun-sochorik.de\/index.php?rest_route=\/wp\/v2\/users\/1"}],"replies":[{"embeddable":true,"href":"https:\/\/gudrun-sochorik.de\/index.php?rest_route=%2Fwp%2Fv2%2Fcomments&post=627"}],"version-history":[{"count":7,"href":"https:\/\/gudrun-sochorik.de\/index.php?rest_route=\/wp\/v2\/pages\/627\/revisions"}],"predecessor-version":[{"id":1201,"href":"https:\/\/gudrun-sochorik.de\/index.php?rest_route=\/wp\/v2\/pages\/627\/revisions\/1201"}],"wp:attachment":[{"href":"https:\/\/gudrun-sochorik.de\/index.php?rest_route=%2Fwp%2Fv2%2Fmedia&parent=627"}],"curies":[{"name":"wp","href":"https:\/\/api.w.org\/{rel}","templated":true}]}}