{"id":465,"date":"2018-10-04T18:47:13","date_gmt":"2018-10-04T18:47:13","guid":{"rendered":"http:\/\/gudrun-sochorik.de\/?page_id=465"},"modified":"2025-03-18T18:53:38","modified_gmt":"2025-03-18T18:53:38","slug":"angebote","status":"publish","type":"page","link":"https:\/\/gudrun-sochorik.de\/?page_id=465","title":{"rendered":"Angebote"},"content":{"rendered":"\n<p><\/p>\n\n\n\n<ul class=\"wp-block-list\">\n<li>T\u00f6pferkurse f\u00fcr Kinder Jugendliche und Erwachsene, auch f\u00fcr Menschen&nbsp;mit&nbsp;Behinderungen (integratives Arbeiten) Anf\u00e4nger und Fortgeschritten                                                                                                                                                                                                                 <\/li>\n\n\n\n<li>Erlernen von Aufbautechniken&nbsp;                                                                                                                                                                                                                                                                                                                                                                                    <\/li>\n<\/ul>\n\n\n\n<ul class=\"wp-block-list\">\n<li>Vermittlung von Grundkenntnissen im Umgang mit dem Werkstoff Ton<\/li>\n<\/ul>\n\n\n\n<ul class=\"wp-block-list\">\n<li>Kennenlernen von Fertigungstechniken, Form-, Oberfl\u00e4chen- und Farbgestaltung<\/li>\n<\/ul>\n\n\n\n<ul class=\"wp-block-list\">\n<li> Trocknungs- und Brennvorg\u00e4nge<\/li>\n<\/ul>\n\n\n\n<ul class=\"wp-block-list\">\n<li> Kurse f\u00fcr Senioren<\/li>\n<\/ul>\n\n\n\n<ul class=\"wp-block-list\">\n<li> Kurse f\u00fcr Menschen mit Behinderungen<\/li>\n<\/ul>\n\n\n\n<ul class=\"wp-block-list\">\n<li> Sommer- und Winterferienkurse<\/li>\n<\/ul>\n\n\n\n<ul class=\"wp-block-list\">\n<li> Drehen auf der Scheibe (Einzelkurse)<\/li>\n<\/ul>\n\n\n\n<ul class=\"wp-block-list\">\n<li> Geburtstagsfeiern f\u00fcr Kinder und Erwachsene<\/li>\n<\/ul>\n\n\n\n<ul class=\"wp-block-list\">\n<li> Archaische Br\u00e4nde (Grubenbr\u00e4nde)<\/li>\n<\/ul>\n\n\n\n<ul class=\"wp-block-list\">\n<li> Raku&nbsp; (Japanische Brenntechniken)<\/li>\n<\/ul>\n\n\n\n<ul class=\"wp-block-list\">\n<li> Porzellan-Gestaltung und Drehen auf der Scheibe nur f\u00fcr Fortgeschrittene<\/li>\n<\/ul>\n\n\n\n<ul class=\"wp-block-list\">\n<li> Brennservice<\/li>\n<\/ul>\n\n\n\n<ul class=\"wp-block-list\">\n<li>Kurse nur f\u00fcr Erwachsene bei mir in der Werkstatt: den 1. Dienstag im Monat von 14.30-17.30 Uhr, den 2. Dienstag im Monat von 14.00-17.00 Uhr<\/li>\n<\/ul>\n\n\n\n<ul class=\"wp-block-list\">\n<li>Keramikunterricht in der Musik-, Tanz- und Kunstschule in Bannewitz jeden Mittwoch von 15.30-17.00 Uhr<\/li>\n<\/ul>\n\n\n\n<p><\/p>\n","protected":false},"excerpt":{"rendered":"","protected":false},"author":1,"featured_media":0,"parent":0,"menu_order":0,"comment_status":"closed","ping_status":"closed","template":"","meta":{"footnotes":""},"class_list":["post-465","page","type-page","status-publish","hentry"],"wppr_data":{"cwp_meta_box_check":"No"},"_links":{"self":[{"href":"https:\/\/gudrun-sochorik.de\/index.php?rest_route=\/wp\/v2\/pages\/465","targetHints":{"allow":["GET"]}}],"collection":[{"href":"https:\/\/gudrun-sochorik.de\/index.php?rest_route=\/wp\/v2\/pages"}],"about":[{"href":"https:\/\/gudrun-sochorik.de\/index.php?rest_route=\/wp\/v2\/types\/page"}],"author":[{"embeddable":true,"href":"https:\/\/gudrun-sochorik.de\/index.php?rest_route=\/wp\/v2\/users\/1"}],"replies":[{"embeddable":true,"href":"https:\/\/gudrun-sochorik.de\/index.php?rest_route=%2Fwp%2Fv2%2Fcomments&post=465"}],"version-history":[{"count":55,"href":"https:\/\/gudrun-sochorik.de\/index.php?rest_route=\/wp\/v2\/pages\/465\/revisions"}],"predecessor-version":[{"id":1313,"href":"https:\/\/gudrun-sochorik.de\/index.php?rest_route=\/wp\/v2\/pages\/465\/revisions\/1313"}],"wp:attachment":[{"href":"https:\/\/gudrun-sochorik.de\/index.php?rest_route=%2Fwp%2Fv2%2Fmedia&parent=465"}],"curies":[{"name":"wp","href":"https:\/\/api.w.org\/{rel}","templated":true}]}}