{"id":1272,"date":"2024-12-28T18:07:53","date_gmt":"2024-12-28T18:07:53","guid":{"rendered":"https:\/\/gudrun-sochorik.de\/?page_id=1272"},"modified":"2024-12-28T18:43:41","modified_gmt":"2024-12-28T18:43:41","slug":"winterkurs-2025","status":"publish","type":"page","link":"https:\/\/gudrun-sochorik.de\/?page_id=1272","title":{"rendered":"Winterkurs 2025"},"content":{"rendered":"\n<p>Liebe Keramikfreunde,<\/p>\n\n\n\n<p>wenn du neugierig bist, Lust und Zeit hast, kannst du in meinem Ferienkurs gemeinsam mit mir und den anderen Kursteilnehmern die Grundlagen des Arbeitens mit Ton erforschen und erlernen. Wenn du aber schon ein erfahrener K\u00fcnstler bist und schwierigere Dinge meistern kannst, mache ich dich mit neuen interessanten Techniken vertraut. Im Vordergrund steht die freie Gestaltung nach deinen Ideen, nach Vorlagen oder Modellen.\u00a0Gern helfe ich dir bei der Planung und sorgf\u00e4ltigen Ausf\u00fchrung deiner Ideen. Der Handaufbau steht im Mittelpunk. Dabei\u00a0 k\u00f6nnen verschiedene Techniken angewendet werden. Du kannst den Ton walzen, schneiden und zusammenf\u00fcgen, schlangen ausrollen\u00a0 und damit formsch\u00f6ne Gef\u00e4\u00dfe aufbauen, den Ton in Formen einlegen oder \u00fcber diese w\u00f6lben und aus einer Tonkugel auch Figuren und Tiere hervorzaubern. Alle deine Kunstwerke kannst du mit verschiedenen Techniken verzieren und zum Schluss dann noch mit Engoben farblich gestalten.<\/p>\n\n\n\n<figure class=\"wp-block-image size-full\"><img loading=\"lazy\" decoding=\"async\" width=\"197\" height=\"233\" src=\"https:\/\/gudrun-sochorik.de\/wp-content\/uploads\/2024\/12\/image.png\" alt=\"\" class=\"wp-image-1274\" srcset=\"https:\/\/gudrun-sochorik.de\/wp-content\/uploads\/2024\/12\/image.png 197w, https:\/\/gudrun-sochorik.de\/wp-content\/uploads\/2024\/12\/image-42x50.png 42w\" sizes=\"auto, (max-width: 197px) 100vw, 197px\" \/><\/figure>\n\n\n\n<p>Wenn du m\u00f6chtest glasiere ich dir nach dem ersten Brand (Schr\u00fchbrand) deine Kunstwerke mit transparenter Glasur.<\/p>\n\n\n\n<p>Wer?&nbsp;&nbsp; Kinder ab 6 Jahre, Jugendliche, Erwachsene, Anf\u00e4nger und Fortgeschrittene<\/p>\n\n\n\n<p>Wann? \u00a0\u00a0\u00a0\u00a0\u00a0\u00a0 17.02. &#8211; 21.02. 2025\u00a0 von 10.00 Uhr\u00a0 &#8211; 15.00 Uhr\u00a0<\/p>\n\n\n\n<p>Wo? &nbsp;&nbsp;&nbsp;&nbsp;&nbsp;&nbsp;&nbsp;&nbsp;&nbsp; bei Gudrun Sochorik&nbsp;&nbsp;&nbsp;&nbsp; Buchenweg 17i, 01737 Kurort&nbsp; Hartha,<\/p>\n\n\n\n<p>Bei Interesse, bitte zeitnah unter folgender Telefonnummer<\/p>\n\n\n\n<p>035203\/31866 oder 015227352987, <a href=\"mailto:mail@gudrun-sochorik.de\">mail@gudrun-sochorik.de<\/a> melden.<\/p>\n\n\n\n<p>Kursgeb\u00fchr 120,00 \u20ac (Inklusive t\u00e4glich frisch gekochtes Mittagessen, Getr\u00e4nke, Material, Brenn- und Glasurkosten)<\/p>\n","protected":false},"excerpt":{"rendered":"<p>Liebe Keramikfreunde, wenn du neugierig bist, Lust und Zeit hast, kannst du in meinem Ferienkurs gemeinsam mit mir und den anderen Kursteilnehmern die Grundlagen des Arbeitens mit Ton erforschen und erlernen. Wenn du aber schon ein erfahrener K\u00fcnstler bist und schwierigere Dinge meistern kannst, mache ich dich mit neuen interessanten Techniken vertraut. Im Vordergrund steht [&hellip;]<\/p>\n","protected":false},"author":1,"featured_media":0,"parent":0,"menu_order":0,"comment_status":"closed","ping_status":"closed","template":"","meta":{"footnotes":""},"class_list":["post-1272","page","type-page","status-publish","hentry"],"wppr_data":[],"_links":{"self":[{"href":"https:\/\/gudrun-sochorik.de\/index.php?rest_route=\/wp\/v2\/pages\/1272","targetHints":{"allow":["GET"]}}],"collection":[{"href":"https:\/\/gudrun-sochorik.de\/index.php?rest_route=\/wp\/v2\/pages"}],"about":[{"href":"https:\/\/gudrun-sochorik.de\/index.php?rest_route=\/wp\/v2\/types\/page"}],"author":[{"embeddable":true,"href":"https:\/\/gudrun-sochorik.de\/index.php?rest_route=\/wp\/v2\/users\/1"}],"replies":[{"embeddable":true,"href":"https:\/\/gudrun-sochorik.de\/index.php?rest_route=%2Fwp%2Fv2%2Fcomments&post=1272"}],"version-history":[{"count":2,"href":"https:\/\/gudrun-sochorik.de\/index.php?rest_route=\/wp\/v2\/pages\/1272\/revisions"}],"predecessor-version":[{"id":1276,"href":"https:\/\/gudrun-sochorik.de\/index.php?rest_route=\/wp\/v2\/pages\/1272\/revisions\/1276"}],"wp:attachment":[{"href":"https:\/\/gudrun-sochorik.de\/index.php?rest_route=%2Fwp%2Fv2%2Fmedia&parent=1272"}],"curies":[{"name":"wp","href":"https:\/\/api.w.org\/{rel}","templated":true}]}}